{"id":153,"date":"2023-10-05T12:05:52","date_gmt":"2023-10-05T10:05:52","guid":{"rendered":"https:\/\/helgerit.oecom.com\/?page_id=153"},"modified":"2026-01-28T09:53:56","modified_gmt":"2026-01-28T08:53:56","slug":"karriere","status":"publish","type":"page","link":"https:\/\/helgerit.de\/en\/karriere\/","title":{"rendered":"career"},"content":{"rendered":"<h3 class=\"wp-block-heading\"><strong>Industrie- oder Gro\u00df- und Au\u00dfenhandelskaufmann (m\/w\/d)<\/strong><\/h3>\n\n\n\n<p>Helgerit is a dynamic, future-oriented trading company with over 50 years of experience in the market. Our customers for high-quality technical products come from the mechanical engineering, vehicle manufacturing, and automotive supply industries.<\/p>\n\n\n\n<p>F\u00fcr unseren Vertriebs-Innendienst suchen wir zum n\u00e4chstm\u00f6glichen Termin in Teilzeit oder Vollzeit einen Industriekaufmann (m\/w\/d) oder Gro\u00df- und Au\u00dfenhandelskaufmann (m\/w\/d)<\/p>\n\n\n\n<p><strong>Your tasks:<\/strong> Order processing and customer support.<\/p>\n\n\n\n<p><strong>Your qualifications:<\/strong> Commercial training, fluency in written and spoken English, and sales skills. Solid knowledge of ERP systems and an interest in technical products are helpful.<\/p>\n\n\n\n<p><strong>We offer<\/strong> a secure, attractive and varied workplace in a motivated team under attractive conditions.<\/p>\n\n\n\n<p>We look forward to receiving your informative written application, preferably by email.<\/p>\n\n\n\n<p><\/p>","protected":false},"excerpt":{"rendered":"<p>Industrie- oder Gro\u00df- und Au\u00dfenhandelskaufmann (m\/w\/d) Helgerit ist ein dynamisches, zukunftsorientiertes und seit mehr als 50 Jahren im Markt eingef\u00fchrtes Handelsunternehmen. Die Kunden unserer qualitativ hochwertigen technischen Produkte stammen aus dem Maschinen- u. Fahrzeugbau sowie aus der Automobilzulieferindustrie. F\u00fcr unseren Vertriebs-Innendienst suchen wir zum n\u00e4chstm\u00f6glichen Termin in Teilzeit oder Vollzeit einen Industriekaufmann (m\/w\/d) oder Gro\u00df-&hellip;&nbsp;<a href=\"https:\/\/helgerit.de\/en\/karriere\/\" rel=\"bookmark\">Read More &raquo;<span class=\"screen-reader-text\">career<\/span><\/a><\/p>","protected":false},"author":1,"featured_media":0,"parent":0,"menu_order":0,"comment_status":"closed","ping_status":"closed","template":"","meta":{"neve_meta_sidebar":"","neve_meta_container":"","neve_meta_enable_content_width":"","neve_meta_content_width":0,"neve_meta_title_alignment":"","neve_meta_author_avatar":"","neve_post_elements_order":"","neve_meta_disable_header":"","neve_meta_disable_footer":"","neve_meta_disable_title":"","neve_meta_reading_time":"","_themeisle_gutenberg_block_has_review":false,"footnotes":""},"class_list":["post-153","page","type-page","status-publish","hentry"],"_links":{"self":[{"href":"https:\/\/helgerit.de\/en\/wp-json\/wp\/v2\/pages\/153","targetHints":{"allow":["GET"]}}],"collection":[{"href":"https:\/\/helgerit.de\/en\/wp-json\/wp\/v2\/pages"}],"about":[{"href":"https:\/\/helgerit.de\/en\/wp-json\/wp\/v2\/types\/page"}],"author":[{"embeddable":true,"href":"https:\/\/helgerit.de\/en\/wp-json\/wp\/v2\/users\/1"}],"replies":[{"embeddable":true,"href":"https:\/\/helgerit.de\/en\/wp-json\/wp\/v2\/comments?post=153"}],"version-history":[{"count":5,"href":"https:\/\/helgerit.de\/en\/wp-json\/wp\/v2\/pages\/153\/revisions"}],"predecessor-version":[{"id":1012,"href":"https:\/\/helgerit.de\/en\/wp-json\/wp\/v2\/pages\/153\/revisions\/1012"}],"wp:attachment":[{"href":"https:\/\/helgerit.de\/en\/wp-json\/wp\/v2\/media?parent=153"}],"curies":[{"name":"wp","href":"https:\/\/api.w.org\/{rel}","templated":true}]}}