{"id":162,"date":"2023-10-05T12:21:57","date_gmt":"2023-10-05T10:21:57","guid":{"rendered":"https:\/\/helgerit.oecom.com\/?page_id=162"},"modified":"2023-10-25T09:34:02","modified_gmt":"2023-10-25T07:34:02","slug":"zertifizierung","status":"publish","type":"page","link":"https:\/\/helgerit.de\/en\/zertifizierung\/","title":{"rendered":"Certification"},"content":{"rendered":"<h3 class=\"wp-block-heading\"><strong>Helgerit: Quality as the top priority<\/strong><\/h3>\n\n\n\n<p>Helgerit is a company certified according to DIN ISO 9001. We live and work according to our quality policy, which is based on three pillars:<\/p>\n\n\n\n<h3 class=\"wp-block-heading\"><strong>Customer orientation<\/strong><\/h3>\n\n\n\n<p>Our customers are the heart of our company. We strive to understand their needs and always offer them the best possible solution.<\/p>\n\n\n\n<h3 class=\"wp-block-heading\"><strong>Fairness and integrity<\/strong><\/h3>\n\n\n\n<p>We maintain fair and transparent dealings with our customers, suppliers and partners. We are aware that trust is the foundation of any successful collaboration.<\/p>\n\n\n\n<h3 class=\"wp-block-heading\"><strong>Sustainability<\/strong><\/h3>\n\n\n\n<p>We are committed to sustainable development. We pay attention to the careful use of resources and promote social responsibility. <\/p>\n\n\n\n<p>To achieve our goals, we implement the following measures:<\/p>\n\n\n\n<ul class=\"wp-block-list\">\n<li><strong>Customer satisfaction:<\/strong>&nbsp;We regularly conduct customer surveys to determine their needs and continuously improve our offering.<\/li>\n\n\n\n<li><strong>Fairness and integrity:<\/strong>&nbsp;We have established a code of conduct for our employees that emphasizes fairness, integrity and respect for everyone involved.<\/li>\n\n\n\n<li><strong>Sustainability:<\/strong>&nbsp;We are committed to the sustainable use of resources and the promotion of social responsibility.<\/li>\n<\/ul>\n\n\n\n<p>We are convinced that quality, fairness and sustainability are the basis for our long-term success. We strive to live these values in all our activities.<\/p>","protected":false},"excerpt":{"rendered":"<p>Helgerit: Qualit\u00e4t als oberstes Gebot Helgerit ist ein nach DIN ISO 9001 zertifiziertes Unternehmen. Wir leben und arbeiten nach unserer Qualit\u00e4tspolitik, die auf drei S\u00e4ulen basiert: Kundenorientierung Unsere Kunden sind das Herzst\u00fcck unseres Unternehmens. Wir sind bestrebt, ihre Bed\u00fcrfnisse zu verstehen und ihnen stets die bestm\u00f6gliche L\u00f6sung zu bieten. Fairness und Integrit\u00e4t Wir pflegen einen&hellip;&nbsp;<a href=\"https:\/\/helgerit.de\/en\/zertifizierung\/\" rel=\"bookmark\">Read More &raquo;<span class=\"screen-reader-text\">Certification<\/span><\/a><\/p>","protected":false},"author":1,"featured_media":0,"parent":0,"menu_order":0,"comment_status":"closed","ping_status":"closed","template":"","meta":{"neve_meta_sidebar":"","neve_meta_container":"","neve_meta_enable_content_width":"","neve_meta_content_width":0,"neve_meta_title_alignment":"","neve_meta_author_avatar":"","neve_post_elements_order":"","neve_meta_disable_header":"","neve_meta_disable_footer":"","neve_meta_disable_title":"","neve_meta_reading_time":"","_themeisle_gutenberg_block_has_review":false,"footnotes":""},"class_list":["post-162","page","type-page","status-publish","hentry"],"_links":{"self":[{"href":"https:\/\/helgerit.de\/en\/wp-json\/wp\/v2\/pages\/162","targetHints":{"allow":["GET"]}}],"collection":[{"href":"https:\/\/helgerit.de\/en\/wp-json\/wp\/v2\/pages"}],"about":[{"href":"https:\/\/helgerit.de\/en\/wp-json\/wp\/v2\/types\/page"}],"author":[{"embeddable":true,"href":"https:\/\/helgerit.de\/en\/wp-json\/wp\/v2\/users\/1"}],"replies":[{"embeddable":true,"href":"https:\/\/helgerit.de\/en\/wp-json\/wp\/v2\/comments?post=162"}],"version-history":[{"count":3,"href":"https:\/\/helgerit.de\/en\/wp-json\/wp\/v2\/pages\/162\/revisions"}],"predecessor-version":[{"id":180,"href":"https:\/\/helgerit.de\/en\/wp-json\/wp\/v2\/pages\/162\/revisions\/180"}],"wp:attachment":[{"href":"https:\/\/helgerit.de\/en\/wp-json\/wp\/v2\/media?parent=162"}],"curies":[{"name":"wp","href":"https:\/\/api.w.org\/{rel}","templated":true}]}}