{"id":175,"date":"2023-10-25T09:29:57","date_gmt":"2023-10-25T07:29:57","guid":{"rendered":"https:\/\/helgerit.oecom.com\/?page_id=175"},"modified":"2023-10-25T10:47:22","modified_gmt":"2023-10-25T08:47:22","slug":"impressum","status":"publish","type":"page","link":"https:\/\/helgerit.de\/en\/impressum\/","title":{"rendered":"Imprint"},"content":{"rendered":"<h3 class=\"wp-block-heading\">Information according to \u00a7 5 TMG<\/h3>\n\n\n\n<p>Helgerit GmbH<br>Tauben\u00e4ckerweg 15<br>72655 Altdorf<\/p>\n\n\n\n<p><strong>Represented by:<\/strong><br>Managing Director: Bj\u00f6rn Sikler<br>Commercial Register: Stuttgart HRB 360154<br><\/p>\n\n\n\n<h3 class=\"wp-block-heading\">Contact<\/h3>\n\n\n\n<p>Telephone: +49 (0)7127-923450<br>Fax: +49 (0)7127-9234567<br>E-Mail: \u00a0info@helgerit.de<\/p>\n\n\n\n<h3 class=\"wp-block-heading\">VAT ID<\/h3>\n\n\n\n<p>VAT identification number according to \u00a7 27a of the German VAT Act: DE 147165682<\/p>\n\n\n\n<h3 class=\"wp-block-heading\">EU dispute resolution<\/h3>\n\n\n\n<p>The European Commission provides a platform for online dispute resolution (ODR): <a href=\"https:\/\/ec.europa.eu\/consumers\/odr\/\" target=\"_blank\" rel=\"noreferrer noopener\">https:\/\/ec.europa.eu\/consumers\/odr\/<\/a>.<br>You can find our email address in the legal notice above.<\/p>\n\n\n\n<h3 class=\"wp-block-heading\">Consumer dispute resolution\/Universal arbitration body<\/h3>\n\n\n\n<p>We are neither willing nor obligated to participate in dispute resolution proceedings before a consumer arbitration board.<\/p>","protected":false},"excerpt":{"rendered":"<p>Angaben gem\u00e4\u00df \u00a7 5 TMG Helgerit GmbHTauben\u00e4ckerweg 1572655 Altdorf Vertreten durch:Gesch\u00e4ftsf\u00fchrer: Bj\u00f6rn SiklerHandelsregister: Stuttgart HRB 360154 Kontakt Telefon: +49 (0)7127-923450Telefax: +49 (0)7127-9234567E-Mail: \u00a0info@helgerit.de Umsatzsteuer-ID Umsatzsteuer-Identifikationsnummer gem\u00e4\u00df \u00a7 27 a Umsatzsteuergesetz: DE 147165682 EU-Streitschlichtung Die Europ\u00e4ische Kommission stellt eine Plattform zur Online-Streitbeilegung (OS) bereit: https:\/\/ec.europa.eu\/consumers\/odr\/.Unsere E-Mail-Adresse finden Sie oben im Impressum. Verbraucher\u00adstreit\u00adbeilegung\/Universal\u00adschlichtungs\u00adstelle Wir sind nicht bereit&hellip;&nbsp;<a href=\"https:\/\/helgerit.de\/en\/impressum\/\" rel=\"bookmark\">Read More &raquo;<span class=\"screen-reader-text\">Imprint<\/span><\/a><\/p>","protected":false},"author":1,"featured_media":0,"parent":0,"menu_order":0,"comment_status":"closed","ping_status":"closed","template":"","meta":{"neve_meta_sidebar":"","neve_meta_container":"","neve_meta_enable_content_width":"","neve_meta_content_width":0,"neve_meta_title_alignment":"","neve_meta_author_avatar":"","neve_post_elements_order":"","neve_meta_disable_header":"","neve_meta_disable_footer":"","neve_meta_disable_title":"","neve_meta_reading_time":"","_themeisle_gutenberg_block_has_review":false,"footnotes":""},"class_list":["post-175","page","type-page","status-publish","hentry"],"_links":{"self":[{"href":"https:\/\/helgerit.de\/en\/wp-json\/wp\/v2\/pages\/175","targetHints":{"allow":["GET"]}}],"collection":[{"href":"https:\/\/helgerit.de\/en\/wp-json\/wp\/v2\/pages"}],"about":[{"href":"https:\/\/helgerit.de\/en\/wp-json\/wp\/v2\/types\/page"}],"author":[{"embeddable":true,"href":"https:\/\/helgerit.de\/en\/wp-json\/wp\/v2\/users\/1"}],"replies":[{"embeddable":true,"href":"https:\/\/helgerit.de\/en\/wp-json\/wp\/v2\/comments?post=175"}],"version-history":[{"count":5,"href":"https:\/\/helgerit.de\/en\/wp-json\/wp\/v2\/pages\/175\/revisions"}],"predecessor-version":[{"id":200,"href":"https:\/\/helgerit.de\/en\/wp-json\/wp\/v2\/pages\/175\/revisions\/200"}],"wp:attachment":[{"href":"https:\/\/helgerit.de\/en\/wp-json\/wp\/v2\/media?parent=175"}],"curies":[{"name":"wp","href":"https:\/\/api.w.org\/{rel}","templated":true}]}}