{"id":189,"date":"2023-10-25T09:50:10","date_gmt":"2023-10-25T07:50:10","guid":{"rendered":"https:\/\/helgerit.oecom.com\/?page_id=189"},"modified":"2023-10-25T10:44:58","modified_gmt":"2023-10-25T08:44:58","slug":"urheberrecht","status":"publish","type":"page","link":"https:\/\/helgerit.de\/en\/urheberrecht\/","title":{"rendered":"Copyright"},"content":{"rendered":"<p>The content and works created by us on these pages are subject to German copyright law. Reproduction, processing, distribution, and any form of exploitation beyond the limits of copyright law require our written consent. Downloads and copies of this page are permitted only for private, non-commercial use. Insofar as the content on this page was not created by us, the copyrights of third parties are respected and identified as such. Should you nevertheless become aware of a copyright infringement, please inform us accordingly. Upon notification of legal violations, we will remove such content immediately.<\/p>\n\n\n\n<h4 class=\"wp-block-heading\">Photo credit<\/h4>\n\n\n\n<p>We strive to respect the copyrights of all images, graphics, sound documents, video sequences and texts used in our publications, to use images, graphics, sound documents, video sequences and texts created by ourselves, or to rely on royalty-free graphics, sound documents, video sequences and texts.<\/p>\n\n\n\n<p>Unless we use our own material or material provided free of charge by third parties for the images used, or the provider waives explicit mention, we obtain this material from the following sources:<\/p>\n\n\n\n<p><a class=\"\" href=\"https:\/\/stock.adobe.com\/de\">Adobe Stock<\/a>\u00a0with the following individual references: n.v.<br><a rel=\"noreferrer noopener\" class=\"\" href=\"http:\/\/www.pixelio.de\/\" target=\"_blank\">Pixelio<\/a>\u00a0with attribution to the copyright holder on the image<br><a class=\"\" href=\"https:\/\/pixabay.com\/de\">Pixabay<\/a>: with the following individual references: n.v.<\/p>\n\n\n\n<h4 class=\"wp-block-heading\">Trademarks and brands<\/h4>\n\n\n\n<p>All trademarks and brands mentioned within this website and possibly protected by third parties are subject without restriction to the provisions of the applicable trademark law and the ownership rights of the respective registered owners. The mere mention of a trademark does not imply that it is not protected by third-party rights!<\/p>","protected":false},"excerpt":{"rendered":"<p>Die durch uns erstellten Inhalte und Werke auf diesen Seiten unterliegen dem deutschen Urheberrecht. Die Vervielf\u00e4ltigung, Bearbeitung, Verbreitung und jede Art der Verwertung au\u00dferhalb der Grenzen des Urheberrechtes bed\u00fcrfen unserer schriftlichen Zustimmung. Downloads und Kopien dieser Seite sind nur f\u00fcr den privaten, nicht kommerziellen Gebrauch gestattet. Soweit die Inhalte auf dieser Seite nicht von uns&hellip;&nbsp;<a href=\"https:\/\/helgerit.de\/en\/urheberrecht\/\" rel=\"bookmark\">Read More &raquo;<span class=\"screen-reader-text\">Copyright<\/span><\/a><\/p>","protected":false},"author":1,"featured_media":0,"parent":0,"menu_order":0,"comment_status":"closed","ping_status":"closed","template":"","meta":{"neve_meta_sidebar":"","neve_meta_container":"","neve_meta_enable_content_width":"","neve_meta_content_width":0,"neve_meta_title_alignment":"","neve_meta_author_avatar":"","neve_post_elements_order":"","neve_meta_disable_header":"","neve_meta_disable_footer":"","neve_meta_disable_title":"","neve_meta_reading_time":"","_themeisle_gutenberg_block_has_review":false,"footnotes":""},"class_list":["post-189","page","type-page","status-publish","hentry"],"_links":{"self":[{"href":"https:\/\/helgerit.de\/en\/wp-json\/wp\/v2\/pages\/189","targetHints":{"allow":["GET"]}}],"collection":[{"href":"https:\/\/helgerit.de\/en\/wp-json\/wp\/v2\/pages"}],"about":[{"href":"https:\/\/helgerit.de\/en\/wp-json\/wp\/v2\/types\/page"}],"author":[{"embeddable":true,"href":"https:\/\/helgerit.de\/en\/wp-json\/wp\/v2\/users\/1"}],"replies":[{"embeddable":true,"href":"https:\/\/helgerit.de\/en\/wp-json\/wp\/v2\/comments?post=189"}],"version-history":[{"count":2,"href":"https:\/\/helgerit.de\/en\/wp-json\/wp\/v2\/pages\/189\/revisions"}],"predecessor-version":[{"id":198,"href":"https:\/\/helgerit.de\/en\/wp-json\/wp\/v2\/pages\/189\/revisions\/198"}],"wp:attachment":[{"href":"https:\/\/helgerit.de\/en\/wp-json\/wp\/v2\/media?parent=189"}],"curies":[{"name":"wp","href":"https:\/\/api.w.org\/{rel}","templated":true}]}}