{"id":507,"date":"2023-12-19T15:33:04","date_gmt":"2023-12-19T14:33:04","guid":{"rendered":"https:\/\/helgerit.oecom.com\/?page_id=507"},"modified":"2026-01-28T10:07:28","modified_gmt":"2026-01-28T09:07:28","slug":"gerollte-gleitlager","status":"publish","type":"page","link":"https:\/\/helgerit.de\/en\/gerollte-gleitlager\/","title":{"rendered":"Wrapped bushings"},"content":{"rendered":"<p><\/p>\n\n\n\n<div class=\"wp-block-columns alignwide is-layout-flex wp-container-core-columns-is-layout-1 wp-block-columns-is-layout-flex\" style=\"margin-bottom:0\">\n<div class=\"wp-block-column has-nv-light-bg-background-color has-text-color has-background has-link-color wp-elements-569457185d2cc26cfdad6e9c1acf12b1 is-layout-flow wp-block-column-is-layout-flow\" style=\"color:#000000;padding-top:2em;padding-right:2em;padding-bottom:2em;padding-left:2em\">\n<h2 class=\"wp-block-heading\" id=\"single\" style=\"font-size:40px\"><strong><font color=\"red\">HEL<\/font>HU<\/strong><\/h2>\n\n\n<div class=\"wp-block-image is-style-rounded\">\n<figure class=\"aligncenter size-full\"><img loading=\"lazy\" decoding=\"async\" width=\"513\" height=\"513\" src=\"https:\/\/helgerit.de\/wp-content\/uploads\/2025\/04\/14_hu_513x513.png\" alt=\"\" class=\"wp-image-903\" srcset=\"https:\/\/helgerit.de\/wp-content\/uploads\/2025\/04\/14_hu_513x513.png 513w, https:\/\/helgerit.de\/wp-content\/uploads\/2025\/04\/14_hu_513x513-300x300.png 300w, https:\/\/helgerit.de\/wp-content\/uploads\/2025\/04\/14_hu_513x513-150x150.png 150w, https:\/\/helgerit.de\/wp-content\/uploads\/2025\/04\/14_hu_513x513-24x24.png 24w, https:\/\/helgerit.de\/wp-content\/uploads\/2025\/04\/14_hu_513x513-36x36.png 36w, https:\/\/helgerit.de\/wp-content\/uploads\/2025\/04\/14_hu_513x513-48x48.png 48w\" sizes=\"auto, (max-width: 513px) 100vw, 513px\" \/><\/figure><\/div>\n\n\n<div style=\"height:10px\" aria-hidden=\"true\" class=\"wp-block-spacer\"><\/div>\n\n\n\n<div class=\"wp-block-buttons is-content-justification-center is-layout-flex wp-container-core-buttons-is-layout-1 wp-block-buttons-is-layout-flex\">\n<div class=\"wp-block-button is-style-primary\"><a class=\"wp-block-button__link has-text-align-center wp-element-button\" href=\"https:\/\/helgerit.de\/wp-content\/uploads\/2024\/02\/Datenblatt_HELHU.pdf\" target=\"_blank\" rel=\"noreferrer noopener\">Datasheet<\/a><\/div>\n<\/div>\n\n\n\n<div style=\"height:10px\" aria-hidden=\"true\" class=\"wp-block-spacer\"><\/div>\n\n\n\n<p>Multi-layer wrapped bushings <br>Steel backing, tin plated<\/p>\n\n\n\n<p class=\"has-nv-c-1-color has-text-color has-link-color wp-elements-df29f631fe344e7189c6cc6c0a0c265e\">maintenance free<\/p>\n<\/div>\n\n\n\n<div class=\"wp-block-column has-nv-light-bg-background-color has-text-color has-background has-link-color wp-elements-7fa68a9a4e650e1d30b9b9e3cfc4ec5f is-layout-flow wp-block-column-is-layout-flow\" style=\"color:#000000;padding-top:2em;padding-right:2em;padding-bottom:2em;padding-left:2em\">\n<h2 class=\"wp-block-heading\" id=\"family\" style=\"font-size:40px\"><strong><font color=\"red\">HEL<\/font>HU-B<\/strong><\/h2>\n\n\n<div class=\"wp-block-image is-style-rounded\">\n<figure class=\"aligncenter size-full\"><img loading=\"lazy\" decoding=\"async\" width=\"513\" height=\"513\" src=\"https:\/\/helgerit.de\/wp-content\/uploads\/2025\/04\/15_hub_513x513.png\" alt=\"\" class=\"wp-image-904\" srcset=\"https:\/\/helgerit.de\/wp-content\/uploads\/2025\/04\/15_hub_513x513.png 513w, https:\/\/helgerit.de\/wp-content\/uploads\/2025\/04\/15_hub_513x513-300x300.png 300w, https:\/\/helgerit.de\/wp-content\/uploads\/2025\/04\/15_hub_513x513-150x150.png 150w, https:\/\/helgerit.de\/wp-content\/uploads\/2025\/04\/15_hub_513x513-24x24.png 24w, https:\/\/helgerit.de\/wp-content\/uploads\/2025\/04\/15_hub_513x513-36x36.png 36w, https:\/\/helgerit.de\/wp-content\/uploads\/2025\/04\/15_hub_513x513-48x48.png 48w\" sizes=\"auto, (max-width: 513px) 100vw, 513px\" \/><\/figure><\/div>\n\n\n<div style=\"height:10px\" aria-hidden=\"true\" class=\"wp-block-spacer\"><\/div>\n\n\n\n<div class=\"wp-block-buttons is-content-justification-center is-layout-flex wp-container-core-buttons-is-layout-2 wp-block-buttons-is-layout-flex\">\n<div class=\"wp-block-button is-style-primary\"><a class=\"wp-block-button__link has-text-align-center wp-element-button\" href=\"https:\/\/helgerit.de\/wp-content\/uploads\/2024\/02\/Datenblatt_HELHU-B.pdf\" target=\"_blank\" rel=\"noreferrer noopener\">Datasheet<\/a><\/div>\n<\/div>\n\n\n\n<div style=\"height:10px\" aria-hidden=\"true\" class=\"wp-block-spacer\"><\/div>\n\n\n\n<p>Multi-layer wrapped bushings <br>Bronze backing<\/p>\n\n\n\n<p class=\"has-nv-c-1-color has-text-color has-link-color wp-elements-df29f631fe344e7189c6cc6c0a0c265e\">maintenance free<\/p>\n<\/div>\n\n\n\n<div class=\"wp-block-column has-nv-light-bg-background-color has-text-color has-background has-link-color wp-elements-c142371e30ca7b495dbc6596151cc948 is-layout-flow wp-block-column-is-layout-flow\" style=\"color:#000000;padding-top:2em;padding-right:2em;padding-bottom:2em;padding-left:2em\">\n<h2 class=\"wp-block-heading\" id=\"family\" style=\"font-size:40px\"><strong><font color=\"red\">HEL<\/font>HRX<\/strong><\/h2>\n\n\n<div class=\"wp-block-image is-style-rounded\">\n<figure class=\"aligncenter size-full\"><img loading=\"lazy\" decoding=\"async\" width=\"513\" height=\"513\" src=\"https:\/\/helgerit.de\/wp-content\/uploads\/2025\/04\/16_hrx_513x513.png\" alt=\"\" class=\"wp-image-906\" srcset=\"https:\/\/helgerit.de\/wp-content\/uploads\/2025\/04\/16_hrx_513x513.png 513w, https:\/\/helgerit.de\/wp-content\/uploads\/2025\/04\/16_hrx_513x513-300x300.png 300w, https:\/\/helgerit.de\/wp-content\/uploads\/2025\/04\/16_hrx_513x513-150x150.png 150w, https:\/\/helgerit.de\/wp-content\/uploads\/2025\/04\/16_hrx_513x513-24x24.png 24w, https:\/\/helgerit.de\/wp-content\/uploads\/2025\/04\/16_hrx_513x513-36x36.png 36w, https:\/\/helgerit.de\/wp-content\/uploads\/2025\/04\/16_hrx_513x513-48x48.png 48w\" sizes=\"auto, (max-width: 513px) 100vw, 513px\" \/><\/figure><\/div>\n\n\n<div style=\"height:10px\" aria-hidden=\"true\" class=\"wp-block-spacer\"><\/div>\n\n\n\n<div class=\"wp-block-buttons is-content-justification-center is-layout-flex wp-container-core-buttons-is-layout-3 wp-block-buttons-is-layout-flex\">\n<div class=\"wp-block-button is-style-primary\"><a class=\"wp-block-button__link has-text-align-center wp-element-button\" href=\"https:\/\/helgerit.de\/wp-content\/uploads\/2024\/02\/Datenblatt_HELHRX.pdf\" target=\"_blank\" rel=\"noreferrer noopener\">Datasheet<\/a><\/div>\n<\/div>\n\n\n\n<div style=\"height:10px\" aria-hidden=\"true\" class=\"wp-block-spacer\"><\/div>\n\n\n\n<p>Multi-layer wrapped bushings<br>Steel backing, copper or zinc plated<\/p>\n\n\n\n<p class=\"has-neve-link-color-color has-text-color has-link-color wp-elements-19b3f20aa8867a8fc94c38e37348464a\">lubricated<\/p>\n<\/div>\n<\/div>\n\n\n\n<div style=\"height:25px\" aria-hidden=\"true\" class=\"wp-block-spacer\"><\/div>\n\n\n\n<div class=\"wp-block-columns alignwide is-layout-flex wp-container-core-columns-is-layout-2 wp-block-columns-is-layout-flex\" style=\"margin-bottom:0\">\n<div class=\"wp-block-column has-nv-light-bg-background-color has-text-color has-background has-link-color wp-elements-b74729ccd1a720284528436495873713 is-layout-flow wp-block-column-is-layout-flow\" style=\"color:#000000;padding-top:2em;padding-right:2em;padding-bottom:2em;padding-left:2em\">\n<h2 class=\"wp-block-heading\" id=\"family\" style=\"font-size:40px\"><strong><font color=\"red\">HEL<\/font>HRM10<\/strong><\/h2>\n\n\n<div class=\"wp-block-image is-style-rounded\">\n<figure class=\"aligncenter size-full\"><img loading=\"lazy\" decoding=\"async\" width=\"513\" height=\"513\" src=\"https:\/\/helgerit.de\/wp-content\/uploads\/2025\/04\/17_hrm10_513x513.png\" alt=\"\" class=\"wp-image-908\" srcset=\"https:\/\/helgerit.de\/wp-content\/uploads\/2025\/04\/17_hrm10_513x513.png 513w, https:\/\/helgerit.de\/wp-content\/uploads\/2025\/04\/17_hrm10_513x513-300x300.png 300w, https:\/\/helgerit.de\/wp-content\/uploads\/2025\/04\/17_hrm10_513x513-150x150.png 150w, https:\/\/helgerit.de\/wp-content\/uploads\/2025\/04\/17_hrm10_513x513-24x24.png 24w, https:\/\/helgerit.de\/wp-content\/uploads\/2025\/04\/17_hrm10_513x513-36x36.png 36w, https:\/\/helgerit.de\/wp-content\/uploads\/2025\/04\/17_hrm10_513x513-48x48.png 48w\" sizes=\"auto, (max-width: 513px) 100vw, 513px\" \/><\/figure><\/div>\n\n\n<div style=\"height:10px\" aria-hidden=\"true\" class=\"wp-block-spacer\"><\/div>\n\n\n\n<div class=\"wp-block-buttons is-content-justification-center is-layout-flex wp-container-core-buttons-is-layout-4 wp-block-buttons-is-layout-flex\">\n<div class=\"wp-block-button is-style-primary\"><a class=\"wp-block-button__link has-text-align-center wp-element-button\" href=\"https:\/\/helgerit.de\/wp-content\/uploads\/2024\/02\/Datenblatt_HELHRM10.pdf\" target=\"_blank\" rel=\"noreferrer noopener\">Datasheet<\/a><\/div>\n<\/div>\n\n\n\n<div style=\"height:10px\" aria-hidden=\"true\" class=\"wp-block-spacer\"><\/div>\n\n\n\n<p>Rolled plain bearing<br>CuSn8 with lubrication pockets<\/p>\n\n\n\n<p class=\"has-neve-link-color-color has-text-color has-link-color wp-elements-19b3f20aa8867a8fc94c38e37348464a\">lubricated<\/p>\n<\/div>\n\n\n\n<div class=\"wp-block-column has-nv-light-bg-background-color has-text-color has-background has-link-color wp-elements-bea22cbb725a4562560cc3f1285af894 is-layout-flow wp-block-column-is-layout-flow\" style=\"color:#000000;padding-top:2em;padding-right:2em;padding-bottom:2em;padding-left:2em\">\n<h2 class=\"wp-block-heading\" id=\"family\" style=\"font-size:40px\"><strong><font color=\"red\">HEL<\/font>HRM80<\/strong><\/h2>\n\n\n<div class=\"wp-block-image is-style-rounded\">\n<figure class=\"aligncenter size-full\"><img loading=\"lazy\" decoding=\"async\" width=\"513\" height=\"513\" src=\"https:\/\/helgerit.de\/wp-content\/uploads\/2025\/04\/18_hrm80_513x513.png\" alt=\"\" class=\"wp-image-909\" srcset=\"https:\/\/helgerit.de\/wp-content\/uploads\/2025\/04\/18_hrm80_513x513.png 513w, https:\/\/helgerit.de\/wp-content\/uploads\/2025\/04\/18_hrm80_513x513-300x300.png 300w, https:\/\/helgerit.de\/wp-content\/uploads\/2025\/04\/18_hrm80_513x513-150x150.png 150w, https:\/\/helgerit.de\/wp-content\/uploads\/2025\/04\/18_hrm80_513x513-24x24.png 24w, https:\/\/helgerit.de\/wp-content\/uploads\/2025\/04\/18_hrm80_513x513-36x36.png 36w, https:\/\/helgerit.de\/wp-content\/uploads\/2025\/04\/18_hrm80_513x513-48x48.png 48w\" sizes=\"auto, (max-width: 513px) 100vw, 513px\" \/><\/figure><\/div>\n\n\n<div style=\"height:10px\" aria-hidden=\"true\" class=\"wp-block-spacer\"><\/div>\n\n\n\n<div class=\"wp-block-buttons is-content-justification-center is-layout-flex wp-container-core-buttons-is-layout-5 wp-block-buttons-is-layout-flex\">\n<div class=\"wp-block-button is-style-primary\"><a class=\"wp-block-button__link has-text-align-center wp-element-button\" href=\"https:\/\/helgerit.de\/wp-content\/uploads\/2024\/02\/Datenblatt_HELHRM80.pdf\" target=\"_blank\" rel=\"noreferrer noopener\">Datasheet<\/a><\/div>\n<\/div>\n\n\n\n<div style=\"height:10px\" aria-hidden=\"true\" class=\"wp-block-spacer\"><\/div>\n\n\n\n<p>Rolled plain bearing<br>CuSn8 with Holes<\/p>\n\n\n\n<p class=\"has-neve-link-color-color has-text-color has-link-color wp-elements-19b3f20aa8867a8fc94c38e37348464a\">lubricated<\/p>\n<\/div>\n\n\n\n<div class=\"wp-block-column has-nv-light-bg-background-color has-text-color has-background has-link-color wp-elements-b31bc362264469596ac8c730c862e1c1 is-layout-flow wp-block-column-is-layout-flow\" style=\"color:#000000;padding-top:2em;padding-right:2em;padding-bottom:2em;padding-left:2em\">\n<h2 class=\"wp-block-heading\" id=\"family\" style=\"font-size:40px\"><strong><font color=\"red\">HEL<\/font><\/strong>BY<\/h2>\n\n\n<div class=\"wp-block-image is-style-rounded\">\n<figure class=\"aligncenter size-full\"><img loading=\"lazy\" decoding=\"async\" width=\"513\" height=\"513\" src=\"https:\/\/helgerit.de\/wp-content\/uploads\/2025\/04\/19_by_513x513.png\" alt=\"\" class=\"wp-image-910\" srcset=\"https:\/\/helgerit.de\/wp-content\/uploads\/2025\/04\/19_by_513x513.png 513w, https:\/\/helgerit.de\/wp-content\/uploads\/2025\/04\/19_by_513x513-300x300.png 300w, https:\/\/helgerit.de\/wp-content\/uploads\/2025\/04\/19_by_513x513-150x150.png 150w, https:\/\/helgerit.de\/wp-content\/uploads\/2025\/04\/19_by_513x513-24x24.png 24w, https:\/\/helgerit.de\/wp-content\/uploads\/2025\/04\/19_by_513x513-36x36.png 36w, https:\/\/helgerit.de\/wp-content\/uploads\/2025\/04\/19_by_513x513-48x48.png 48w\" sizes=\"auto, (max-width: 513px) 100vw, 513px\" \/><\/figure><\/div>\n\n\n<div style=\"height:10px\" aria-hidden=\"true\" class=\"wp-block-spacer\"><\/div>\n\n\n\n<div class=\"wp-block-buttons is-content-justification-center is-layout-flex wp-container-core-buttons-is-layout-6 wp-block-buttons-is-layout-flex\">\n<div class=\"wp-block-button is-style-primary\"><a class=\"wp-block-button__link has-text-align-center wp-element-button\" href=\"https:\/\/helgerit.de\/wp-content\/uploads\/2024\/02\/Datenblatt_HELBY.pdf\" target=\"_blank\" rel=\"noreferrer noopener\">Datasheet<\/a><\/div>\n<\/div>\n\n\n\n<div style=\"height:10px\" aria-hidden=\"true\" class=\"wp-block-spacer\"><\/div>\n\n\n\n<p>Multi-layer wrapped bushings<br>Steel backing with bronze layer<\/p>\n\n\n\n<p class=\"has-neve-link-color-color has-text-color has-link-color wp-elements-19b3f20aa8867a8fc94c38e37348464a\">lubricated<\/p>\n<\/div>\n<\/div>\n\n\n\n<div style=\"height:25px\" aria-hidden=\"true\" class=\"wp-block-spacer\"><\/div>","protected":false},"excerpt":{"rendered":"<p>HELHU Mehrschicht-Gleitlager Tr\u00e4ger Stahl verzinnt wartungsfrei HELHU-B Mehrschicht-Gleitlager Tr\u00e4ger Bronze wartungsfrei HELHRX Mehrschicht-GleitlagerTr\u00e4ger Stahl verkupfert oder verzinkt geschmiert HELHRM10 Gerolltes GleitlagerCuSn8 mit Schmiertaschen geschmiert HELHRM80 Gerolltes GleitlagerCuSn8 mit Lochpr\u00e4gung geschmiert HELBY Mehrschicht-GleitlagerStahltr\u00e4ger mit Bronze-Laufschicht geschmiert<\/p>","protected":false},"author":1,"featured_media":0,"parent":0,"menu_order":0,"comment_status":"closed","ping_status":"closed","template":"","meta":{"neve_meta_sidebar":"","neve_meta_container":"","neve_meta_enable_content_width":"","neve_meta_content_width":0,"neve_meta_title_alignment":"","neve_meta_author_avatar":"","neve_post_elements_order":"","neve_meta_disable_header":"","neve_meta_disable_footer":"","neve_meta_disable_title":"","neve_meta_reading_time":"","_themeisle_gutenberg_block_has_review":false,"footnotes":""},"class_list":["post-507","page","type-page","status-publish","hentry"],"_links":{"self":[{"href":"https:\/\/helgerit.de\/en\/wp-json\/wp\/v2\/pages\/507","targetHints":{"allow":["GET"]}}],"collection":[{"href":"https:\/\/helgerit.de\/en\/wp-json\/wp\/v2\/pages"}],"about":[{"href":"https:\/\/helgerit.de\/en\/wp-json\/wp\/v2\/types\/page"}],"author":[{"embeddable":true,"href":"https:\/\/helgerit.de\/en\/wp-json\/wp\/v2\/users\/1"}],"replies":[{"embeddable":true,"href":"https:\/\/helgerit.de\/en\/wp-json\/wp\/v2\/comments?post=507"}],"version-history":[{"count":14,"href":"https:\/\/helgerit.de\/en\/wp-json\/wp\/v2\/pages\/507\/revisions"}],"predecessor-version":[{"id":1015,"href":"https:\/\/helgerit.de\/en\/wp-json\/wp\/v2\/pages\/507\/revisions\/1015"}],"wp:attachment":[{"href":"https:\/\/helgerit.de\/en\/wp-json\/wp\/v2\/media?parent=507"}],"curies":[{"name":"wp","href":"https:\/\/api.w.org\/{rel}","templated":true}]}}