{"id":537,"date":"2024-02-06T15:41:09","date_gmt":"2024-02-06T14:41:09","guid":{"rendered":"https:\/\/helgerit.oecom.com\/?page_id=537"},"modified":"2026-01-28T10:35:53","modified_gmt":"2026-01-28T09:35:53","slug":"massive-gleitlager","status":"publish","type":"page","link":"https:\/\/helgerit.de\/en\/massive-gleitlager\/","title":{"rendered":"Solid bushings"},"content":{"rendered":"<p><\/p>\n\n\n\n<div class=\"wp-block-columns alignwide is-layout-flex wp-container-core-columns-is-layout-1 wp-block-columns-is-layout-flex\" style=\"margin-bottom:0\">\n<div class=\"wp-block-column has-nv-light-bg-background-color has-text-color has-background has-link-color wp-elements-78f17e40714e7553cec506f60d73f62d is-layout-flow wp-block-column-is-layout-flow\" style=\"color:#000000;padding-top:2em;padding-right:2em;padding-bottom:2em;padding-left:2em\">\n<h2 class=\"wp-block-heading\" id=\"single\" style=\"font-size:40px\"><font color=\"red\">HEL<\/font>GBG<\/h2>\n\n\n<div class=\"wp-block-image is-style-rounded\">\n<figure class=\"aligncenter size-full\"><img loading=\"lazy\" decoding=\"async\" width=\"513\" height=\"513\" src=\"https:\/\/helgerit.de\/wp-content\/uploads\/2025\/04\/20_gbg_513x513.png\" alt=\"\" class=\"wp-image-922\" srcset=\"https:\/\/helgerit.de\/wp-content\/uploads\/2025\/04\/20_gbg_513x513.png 513w, https:\/\/helgerit.de\/wp-content\/uploads\/2025\/04\/20_gbg_513x513-300x300.png 300w, https:\/\/helgerit.de\/wp-content\/uploads\/2025\/04\/20_gbg_513x513-150x150.png 150w, https:\/\/helgerit.de\/wp-content\/uploads\/2025\/04\/20_gbg_513x513-24x24.png 24w, https:\/\/helgerit.de\/wp-content\/uploads\/2025\/04\/20_gbg_513x513-36x36.png 36w, https:\/\/helgerit.de\/wp-content\/uploads\/2025\/04\/20_gbg_513x513-48x48.png 48w\" sizes=\"auto, (max-width: 513px) 100vw, 513px\" \/><\/figure><\/div>\n\n\n<div style=\"height:10px\" aria-hidden=\"true\" class=\"wp-block-spacer\"><\/div>\n\n\n\n<div class=\"wp-block-buttons is-content-justification-center is-layout-flex wp-container-core-buttons-is-layout-1 wp-block-buttons-is-layout-flex\">\n<div class=\"wp-block-button is-style-primary\"><a class=\"wp-block-button__link has-text-align-center wp-element-button\" href=\"https:\/\/helgerit.de\/wp-content\/uploads\/2024\/02\/Datenblatt_HELGBG.pdf\" target=\"_blank\" rel=\"noreferrer noopener\">Datasheet<\/a><\/div>\n<\/div>\n\n\n\n<div style=\"height:10px\" aria-hidden=\"true\" class=\"wp-block-spacer\"><\/div>\n\n\n\n<p>Cast bronze<br>with solid lubricants<\/p>\n\n\n\n<p class=\"has-nv-c-1-color has-text-color has-link-color wp-elements-38567a46069c6dd1a495b491920446b1\">low-maintenance | maintenance-free<\/p>\n<\/div>\n\n\n\n<div class=\"wp-block-column has-nv-light-bg-background-color has-text-color has-background has-link-color wp-elements-bee0b85fa2c8c7864341b619f7921e53 is-layout-flow wp-block-column-is-layout-flow\" style=\"color:#000000;padding-top:2em;padding-right:2em;padding-bottom:2em;padding-left:2em\">\n<h2 class=\"wp-block-heading\" id=\"single\" style=\"font-size:40px\"><font color=\"red\">HEL<\/font>GB<\/h2>\n\n\n<div class=\"wp-block-image is-style-rounded\">\n<figure class=\"aligncenter size-full is-resized\"><img loading=\"lazy\" decoding=\"async\" width=\"513\" height=\"513\" src=\"https:\/\/helgerit.de\/wp-content\/uploads\/2025\/04\/21_gb_513x513.png\" alt=\"\" class=\"wp-image-924\" style=\"width:270px\" srcset=\"https:\/\/helgerit.de\/wp-content\/uploads\/2025\/04\/21_gb_513x513.png 513w, https:\/\/helgerit.de\/wp-content\/uploads\/2025\/04\/21_gb_513x513-300x300.png 300w, https:\/\/helgerit.de\/wp-content\/uploads\/2025\/04\/21_gb_513x513-150x150.png 150w, https:\/\/helgerit.de\/wp-content\/uploads\/2025\/04\/21_gb_513x513-24x24.png 24w, https:\/\/helgerit.de\/wp-content\/uploads\/2025\/04\/21_gb_513x513-36x36.png 36w, https:\/\/helgerit.de\/wp-content\/uploads\/2025\/04\/21_gb_513x513-48x48.png 48w\" sizes=\"auto, (max-width: 513px) 100vw, 513px\" \/><\/figure><\/div>\n\n\n<div style=\"height:10px\" aria-hidden=\"true\" class=\"wp-block-spacer\"><\/div>\n\n\n\n<div class=\"wp-block-buttons is-content-justification-center is-layout-flex wp-container-core-buttons-is-layout-2 wp-block-buttons-is-layout-flex\">\n<div class=\"wp-block-button is-style-primary\"><a class=\"wp-block-button__link has-text-align-center wp-element-button\" href=\"https:\/\/helgerit.de\/wp-content\/uploads\/2024\/02\/Datenblatt_HELGB.pdf\" target=\"_blank\" rel=\"noreferrer noopener\">Datasheet<\/a><\/div>\n<\/div>\n\n\n\n<div style=\"height:10px\" aria-hidden=\"true\" class=\"wp-block-spacer\"><\/div>\n\n\n\n<p>Cast bronze<br>Plain, with grooves or acc. drawing<\/p>\n\n\n\n<p class=\"has-neve-link-color-color has-text-color has-link-color wp-elements-19b3f20aa8867a8fc94c38e37348464a\">lubricated<\/p>\n<\/div>\n\n\n\n<div class=\"wp-block-column has-nv-light-bg-background-color has-text-color has-background has-link-color wp-elements-4cad0e5cf7e30858c9f2522615be8758 is-layout-flow wp-block-column-is-layout-flow\" style=\"color:#000000;padding-top:2em;padding-right:2em;padding-bottom:2em;padding-left:2em\">\n<h2 class=\"wp-block-heading\" id=\"single\" style=\"font-size:40px\"><font color=\"red\">HEL<\/font>ST<\/h2>\n\n\n<div class=\"wp-block-image is-style-rounded\">\n<figure class=\"aligncenter size-full\"><img loading=\"lazy\" decoding=\"async\" width=\"513\" height=\"513\" src=\"https:\/\/helgerit.de\/wp-content\/uploads\/2025\/04\/platzhalter_513x513-1.png\" alt=\"\" class=\"wp-image-920\" srcset=\"https:\/\/helgerit.de\/wp-content\/uploads\/2025\/04\/platzhalter_513x513-1.png 513w, https:\/\/helgerit.de\/wp-content\/uploads\/2025\/04\/platzhalter_513x513-1-300x300.png 300w, https:\/\/helgerit.de\/wp-content\/uploads\/2025\/04\/platzhalter_513x513-1-150x150.png 150w, https:\/\/helgerit.de\/wp-content\/uploads\/2025\/04\/platzhalter_513x513-1-24x24.png 24w, https:\/\/helgerit.de\/wp-content\/uploads\/2025\/04\/platzhalter_513x513-1-36x36.png 36w, https:\/\/helgerit.de\/wp-content\/uploads\/2025\/04\/platzhalter_513x513-1-48x48.png 48w\" sizes=\"auto, (max-width: 513px) 100vw, 513px\" \/><\/figure><\/div>\n\n\n<div style=\"height:10px\" aria-hidden=\"true\" class=\"wp-block-spacer\"><\/div>\n\n\n\n<div class=\"wp-block-buttons is-content-justification-center is-layout-flex wp-container-core-buttons-is-layout-3 wp-block-buttons-is-layout-flex\">\n<div class=\"wp-block-button is-style-primary\"><a class=\"wp-block-button__link has-text-align-center wp-element-button\">Datasheet<\/a><\/div>\n<\/div>\n\n\n\n<div style=\"height:10px\" aria-hidden=\"true\" class=\"wp-block-spacer\"><\/div>\n\n\n\n<p>Steel<br>Hardened steel bushes, inner\/out tension bushes, etc.<\/p>\n\n\n\n<p class=\"has-neve-link-color-color has-text-color has-link-color wp-elements-19b3f20aa8867a8fc94c38e37348464a\">lubricated<\/p>\n<\/div>\n<\/div>\n\n\n\n<div style=\"height:25px\" aria-hidden=\"true\" class=\"wp-block-spacer\"><\/div>\n\n\n\n<div class=\"wp-block-columns alignwide is-layout-flex wp-container-core-columns-is-layout-2 wp-block-columns-is-layout-flex\" style=\"margin-bottom:0\">\n<div class=\"wp-block-column has-nv-light-bg-background-color has-text-color has-background has-link-color wp-elements-71fcba6efd9782314cd142f0e5a4199f is-layout-flow wp-block-column-is-layout-flow\" style=\"color:#000000;padding-top:2em;padding-right:2em;padding-bottom:2em;padding-left:2em\">\n<h2 class=\"wp-block-heading\" id=\"single\" style=\"font-size:40px\"><font color=\"red\">HEL<\/font><strong>SBR<\/strong><\/h2>\n\n\n<div class=\"wp-block-image is-style-rounded\">\n<figure class=\"aligncenter size-full\"><img loading=\"lazy\" decoding=\"async\" width=\"513\" height=\"513\" src=\"https:\/\/helgerit.de\/wp-content\/uploads\/2025\/04\/23_sbr_513x513.png\" alt=\"\" class=\"wp-image-925\" srcset=\"https:\/\/helgerit.de\/wp-content\/uploads\/2025\/04\/23_sbr_513x513.png 513w, https:\/\/helgerit.de\/wp-content\/uploads\/2025\/04\/23_sbr_513x513-300x300.png 300w, https:\/\/helgerit.de\/wp-content\/uploads\/2025\/04\/23_sbr_513x513-150x150.png 150w, https:\/\/helgerit.de\/wp-content\/uploads\/2025\/04\/23_sbr_513x513-24x24.png 24w, https:\/\/helgerit.de\/wp-content\/uploads\/2025\/04\/23_sbr_513x513-36x36.png 36w, https:\/\/helgerit.de\/wp-content\/uploads\/2025\/04\/23_sbr_513x513-48x48.png 48w\" sizes=\"auto, (max-width: 513px) 100vw, 513px\" \/><\/figure><\/div>\n\n\n<div style=\"height:10px\" aria-hidden=\"true\" class=\"wp-block-spacer\"><\/div>\n\n\n\n<div class=\"wp-block-buttons is-content-justification-center is-layout-flex wp-container-core-buttons-is-layout-4 wp-block-buttons-is-layout-flex\">\n<div class=\"wp-block-button is-style-primary\"><a class=\"wp-block-button__link has-text-align-center wp-element-button\" href=\"https:\/\/helgerit.de\/wp-content\/uploads\/2024\/02\/Datenblatt_HELSBR.pdf\" target=\"_blank\" rel=\"noreferrer noopener\">Datasheet<\/a><\/div>\n<\/div>\n\n\n\n<div style=\"height:10px\" aria-hidden=\"true\" class=\"wp-block-spacer\"><\/div>\n\n\n\n<p>Sinterbronze bushings<br>ready-to-install or machineable<\/p>\n\n\n\n<p class=\"has-nv-c-1-color has-text-color has-link-color wp-elements-df29f631fe344e7189c6cc6c0a0c265e\">maintenance free<\/p>\n<\/div>\n\n\n\n<div class=\"wp-block-column has-nv-light-bg-background-color has-text-color has-background has-link-color wp-elements-61a1e0805ac2452bf73c802a8162989d is-layout-flow wp-block-column-is-layout-flow\" style=\"color:#000000;padding-top:2em;padding-right:2em;padding-bottom:2em;padding-left:2em\">\n<h2 class=\"wp-block-heading\" id=\"single\" style=\"font-size:40px\"><font color=\"red\">HEL<\/font><strong>SEI<\/strong><\/h2>\n\n\n<div class=\"wp-block-image is-style-rounded\">\n<figure class=\"aligncenter size-full is-resized\"><img loading=\"lazy\" decoding=\"async\" width=\"513\" height=\"513\" src=\"https:\/\/helgerit.de\/wp-content\/uploads\/2025\/04\/24_sei_513x513.png\" alt=\"\" class=\"wp-image-926\" style=\"width:270px;height:auto\" srcset=\"https:\/\/helgerit.de\/wp-content\/uploads\/2025\/04\/24_sei_513x513.png 513w, https:\/\/helgerit.de\/wp-content\/uploads\/2025\/04\/24_sei_513x513-300x300.png 300w, https:\/\/helgerit.de\/wp-content\/uploads\/2025\/04\/24_sei_513x513-150x150.png 150w, https:\/\/helgerit.de\/wp-content\/uploads\/2025\/04\/24_sei_513x513-24x24.png 24w, https:\/\/helgerit.de\/wp-content\/uploads\/2025\/04\/24_sei_513x513-36x36.png 36w, https:\/\/helgerit.de\/wp-content\/uploads\/2025\/04\/24_sei_513x513-48x48.png 48w\" sizes=\"auto, (max-width: 513px) 100vw, 513px\" \/><\/figure><\/div>\n\n\n<div style=\"height:10px\" aria-hidden=\"true\" class=\"wp-block-spacer\"><\/div>\n\n\n\n<div class=\"wp-block-buttons is-content-justification-center is-layout-flex wp-container-core-buttons-is-layout-5 wp-block-buttons-is-layout-flex\">\n<div class=\"wp-block-button is-style-primary\"><a class=\"wp-block-button__link has-text-align-center wp-element-button\" href=\"https:\/\/helgerit.de\/wp-content\/uploads\/2024\/02\/Datenblatt_HELSEI.pdf\" target=\"_blank\" rel=\"noreferrer noopener\">Datasheet<\/a><\/div>\n<\/div>\n\n\n\n<div style=\"height:10px\" aria-hidden=\"true\" class=\"wp-block-spacer\"><\/div>\n\n\n\n<p>Sinteriron bushings<br>ready-to-install or machineable<\/p>\n\n\n\n<p class=\"has-nv-c-1-color has-text-color has-link-color wp-elements-df29f631fe344e7189c6cc6c0a0c265e\">maintenance free<\/p>\n<\/div>\n\n\n\n<div class=\"wp-block-column has-nv-light-bg-background-color has-text-color has-background has-link-color wp-elements-eed4944e540a844ad4313697e950e7eb is-layout-flow wp-block-column-is-layout-flow\" style=\"color:#000000;padding-top:2em;padding-right:2em;padding-bottom:2em;padding-left:2em\">\n<h2 class=\"wp-block-heading\" id=\"single\" style=\"font-size:40px\"><font color=\"red\">HEL<\/font><strong>SBG<\/strong><\/h2>\n\n\n<div class=\"wp-block-image is-style-rounded\">\n<figure class=\"aligncenter size-full is-resized\"><img loading=\"lazy\" decoding=\"async\" width=\"513\" height=\"513\" src=\"https:\/\/helgerit.de\/wp-content\/uploads\/2025\/04\/platzhalter_513x513-2.png\" alt=\"\" class=\"wp-image-928\" style=\"width:270px\" srcset=\"https:\/\/helgerit.de\/wp-content\/uploads\/2025\/04\/platzhalter_513x513-2.png 513w, https:\/\/helgerit.de\/wp-content\/uploads\/2025\/04\/platzhalter_513x513-2-300x300.png 300w, https:\/\/helgerit.de\/wp-content\/uploads\/2025\/04\/platzhalter_513x513-2-150x150.png 150w, https:\/\/helgerit.de\/wp-content\/uploads\/2025\/04\/platzhalter_513x513-2-24x24.png 24w, https:\/\/helgerit.de\/wp-content\/uploads\/2025\/04\/platzhalter_513x513-2-36x36.png 36w, https:\/\/helgerit.de\/wp-content\/uploads\/2025\/04\/platzhalter_513x513-2-48x48.png 48w\" sizes=\"auto, (max-width: 513px) 100vw, 513px\" \/><\/figure><\/div>\n\n\n<div style=\"height:10px\" aria-hidden=\"true\" class=\"wp-block-spacer\"><\/div>\n\n\n\n<div class=\"wp-block-buttons is-content-justification-center is-layout-flex wp-container-core-buttons-is-layout-6 wp-block-buttons-is-layout-flex\">\n<div class=\"wp-block-button is-style-primary\"><a class=\"wp-block-button__link has-text-align-center wp-element-button\">Datasheet<\/a><\/div>\n<\/div>\n\n\n\n<div style=\"height:10px\" aria-hidden=\"true\" class=\"wp-block-spacer\"><\/div>\n\n\n\n<p>Sintered bushings<br>acc. to drawing<\/p>\n\n\n\n<p class=\"has-nv-c-1-color has-text-color has-link-color wp-elements-df29f631fe344e7189c6cc6c0a0c265e\">maintenance free<\/p>\n<\/div>\n<\/div>\n\n\n\n<div style=\"height:25px\" aria-hidden=\"true\" class=\"wp-block-spacer\"><\/div>","protected":false},"excerpt":{"rendered":"<p>HELGBG Gu\u00dfbronzemit Festschmierstoffeins\u00e4tzen wartungsarm | wartungsfrei HELGB Gu\u00dfbronzeGlatt, mit Nuten oder nach Kundenzeichnung geschmiert HELST Stahlverschiedene Ausf\u00fchrungen : Einspannbuchsen, Geh\u00e4rtete Stahlbuchsen&#8230; geschmiert HELSBR Sinterbronze-Buchseneinbaufertig bzw. zum bearbeiten wartungsfrei HELSEI Sintereisen-Buchseneinbaufertig bzw. zum bearbeiten wartungsfrei HELSBG Gesinterte Buchseneinbaufertig oder nach Kundenzeichnung wartungsfrei<\/p>","protected":false},"author":1,"featured_media":0,"parent":0,"menu_order":0,"comment_status":"closed","ping_status":"closed","template":"","meta":{"neve_meta_sidebar":"","neve_meta_container":"","neve_meta_enable_content_width":"","neve_meta_content_width":0,"neve_meta_title_alignment":"","neve_meta_author_avatar":"","neve_post_elements_order":"","neve_meta_disable_header":"","neve_meta_disable_footer":"","neve_meta_disable_title":"","neve_meta_reading_time":"","_themeisle_gutenberg_block_has_review":false,"footnotes":""},"class_list":["post-537","page","type-page","status-publish","hentry"],"_links":{"self":[{"href":"https:\/\/helgerit.de\/en\/wp-json\/wp\/v2\/pages\/537","targetHints":{"allow":["GET"]}}],"collection":[{"href":"https:\/\/helgerit.de\/en\/wp-json\/wp\/v2\/pages"}],"about":[{"href":"https:\/\/helgerit.de\/en\/wp-json\/wp\/v2\/types\/page"}],"author":[{"embeddable":true,"href":"https:\/\/helgerit.de\/en\/wp-json\/wp\/v2\/users\/1"}],"replies":[{"embeddable":true,"href":"https:\/\/helgerit.de\/en\/wp-json\/wp\/v2\/comments?post=537"}],"version-history":[{"count":30,"href":"https:\/\/helgerit.de\/en\/wp-json\/wp\/v2\/pages\/537\/revisions"}],"predecessor-version":[{"id":1021,"href":"https:\/\/helgerit.de\/en\/wp-json\/wp\/v2\/pages\/537\/revisions\/1021"}],"wp:attachment":[{"href":"https:\/\/helgerit.de\/en\/wp-json\/wp\/v2\/media?parent=537"}],"curies":[{"name":"wp","href":"https:\/\/api.w.org\/{rel}","templated":true}]}}