{"id":835,"date":"2024-12-11T14:23:27","date_gmt":"2024-12-11T13:23:27","guid":{"rendered":"https:\/\/helgerit.oecom.com\/?page_id=835"},"modified":"2024-12-11T14:24:48","modified_gmt":"2024-12-11T13:24:48","slug":"huelsen","status":"publish","type":"page","link":"https:\/\/helgerit.de\/en\/huelsen\/","title":{"rendered":"Sleeves"},"content":{"rendered":"<h2 class=\"wp-block-heading\">Sleeves<\/h2>\n\n\n\n<div class=\"wp-block-columns alignwide is-layout-flex wp-container-core-columns-is-layout-1 wp-block-columns-is-layout-flex\" style=\"margin-bottom:0\">\n<div class=\"wp-block-column has-nv-light-bg-background-color has-text-color has-background has-link-color wp-elements-f5fa3f8021df54181d39eaff15cfdcb0 is-layout-flow wp-block-column-is-layout-flow\" style=\"color:#000000;padding-top:2em;padding-right:2em;padding-bottom:2em;padding-left:2em\">\n<h2 class=\"wp-block-heading\" id=\"single\" style=\"font-size:40px\"><strong>sleeve<\/strong><\/h2>\n\n\n<div class=\"wp-block-image is-style-rounded\">\n<figure class=\"aligncenter size-full is-resized\"><img loading=\"lazy\" decoding=\"async\" width=\"513\" height=\"513\" src=\"https:\/\/helgerit.de\/wp-content\/uploads\/2024\/11\/Bildplatzhalter.png\" alt=\"\" class=\"wp-image-817\" style=\"width:160px;height:auto\" srcset=\"https:\/\/helgerit.de\/wp-content\/uploads\/2024\/11\/Bildplatzhalter.png 513w, https:\/\/helgerit.de\/wp-content\/uploads\/2024\/11\/Bildplatzhalter-300x300.png 300w, https:\/\/helgerit.de\/wp-content\/uploads\/2024\/11\/Bildplatzhalter-150x150.png 150w, https:\/\/helgerit.de\/wp-content\/uploads\/2024\/11\/Bildplatzhalter-24x24.png 24w, https:\/\/helgerit.de\/wp-content\/uploads\/2024\/11\/Bildplatzhalter-36x36.png 36w, https:\/\/helgerit.de\/wp-content\/uploads\/2024\/11\/Bildplatzhalter-48x48.png 48w\" sizes=\"auto, (max-width: 513px) 100vw, 513px\" \/><\/figure><\/div>\n\n\n<div style=\"height:10px\" aria-hidden=\"true\" class=\"wp-block-spacer\"><\/div>\n\n\n\n<div class=\"wp-block-buttons is-content-justification-center is-layout-flex wp-container-core-buttons-is-layout-1 wp-block-buttons-is-layout-flex\">\n<div class=\"wp-block-button is-style-primary\"><a class=\"wp-block-button__link has-text-align-center wp-element-button\">Datasheet<\/a><\/div>\n<\/div>\n\n\n\n<div style=\"height:10px\" aria-hidden=\"true\" class=\"wp-block-spacer\"><\/div>\n\n\n\n<p>Material: unknown<\/p>\n<\/div>\n\n\n\n<div class=\"wp-block-column has-nv-light-bg-background-color has-text-color has-background has-link-color wp-elements-b99e9e92d16887427f741e4b4d0757c5 is-layout-flow wp-block-column-is-layout-flow\" style=\"color:#000000;padding-top:2em;padding-right:2em;padding-bottom:2em;padding-left:2em\">\n<h2 class=\"wp-block-heading\" id=\"family\" style=\"font-size:40px\"><strong>sleeve<\/strong><\/h2>\n\n\n<div class=\"wp-block-image is-style-rounded\">\n<figure class=\"aligncenter size-full is-resized\"><img loading=\"lazy\" decoding=\"async\" width=\"513\" height=\"513\" src=\"https:\/\/helgerit.de\/wp-content\/uploads\/2024\/11\/Bildplatzhalter.png\" alt=\"\" class=\"wp-image-817\" style=\"width:160px;height:auto\" srcset=\"https:\/\/helgerit.de\/wp-content\/uploads\/2024\/11\/Bildplatzhalter.png 513w, https:\/\/helgerit.de\/wp-content\/uploads\/2024\/11\/Bildplatzhalter-300x300.png 300w, https:\/\/helgerit.de\/wp-content\/uploads\/2024\/11\/Bildplatzhalter-150x150.png 150w, https:\/\/helgerit.de\/wp-content\/uploads\/2024\/11\/Bildplatzhalter-24x24.png 24w, https:\/\/helgerit.de\/wp-content\/uploads\/2024\/11\/Bildplatzhalter-36x36.png 36w, https:\/\/helgerit.de\/wp-content\/uploads\/2024\/11\/Bildplatzhalter-48x48.png 48w\" sizes=\"auto, (max-width: 513px) 100vw, 513px\" \/><\/figure><\/div>\n\n\n<div style=\"height:10px\" aria-hidden=\"true\" class=\"wp-block-spacer\"><\/div>\n\n\n\n<div class=\"wp-block-buttons is-content-justification-center is-layout-flex wp-container-core-buttons-is-layout-2 wp-block-buttons-is-layout-flex\">\n<div class=\"wp-block-button is-style-primary\"><a class=\"wp-block-button__link has-text-align-center wp-element-button\">Datasheet<\/a><\/div>\n<\/div>\n\n\n\n<div style=\"height:10px\" aria-hidden=\"true\" class=\"wp-block-spacer\"><\/div>\n\n\n\n<p>Material: unknown<\/p>\n<\/div>\n\n\n\n<div class=\"wp-block-column has-nv-light-bg-background-color has-text-color has-background has-link-color wp-elements-b99e9e92d16887427f741e4b4d0757c5 is-layout-flow wp-block-column-is-layout-flow\" style=\"color:#000000;padding-top:2em;padding-right:2em;padding-bottom:2em;padding-left:2em\">\n<h2 class=\"wp-block-heading\" id=\"family\" style=\"font-size:40px\"><strong>sleeve<\/strong><\/h2>\n\n\n<div class=\"wp-block-image is-style-rounded\">\n<figure class=\"aligncenter size-full is-resized\"><img loading=\"lazy\" decoding=\"async\" width=\"513\" height=\"513\" src=\"https:\/\/helgerit.de\/wp-content\/uploads\/2024\/11\/Bildplatzhalter.png\" alt=\"\" class=\"wp-image-817\" style=\"width:160px;height:auto\" srcset=\"https:\/\/helgerit.de\/wp-content\/uploads\/2024\/11\/Bildplatzhalter.png 513w, https:\/\/helgerit.de\/wp-content\/uploads\/2024\/11\/Bildplatzhalter-300x300.png 300w, https:\/\/helgerit.de\/wp-content\/uploads\/2024\/11\/Bildplatzhalter-150x150.png 150w, https:\/\/helgerit.de\/wp-content\/uploads\/2024\/11\/Bildplatzhalter-24x24.png 24w, https:\/\/helgerit.de\/wp-content\/uploads\/2024\/11\/Bildplatzhalter-36x36.png 36w, https:\/\/helgerit.de\/wp-content\/uploads\/2024\/11\/Bildplatzhalter-48x48.png 48w\" sizes=\"auto, (max-width: 513px) 100vw, 513px\" \/><\/figure><\/div>\n\n\n<div style=\"height:10px\" aria-hidden=\"true\" class=\"wp-block-spacer\"><\/div>\n\n\n\n<div class=\"wp-block-buttons is-content-justification-center is-layout-flex wp-container-core-buttons-is-layout-3 wp-block-buttons-is-layout-flex\">\n<div class=\"wp-block-button is-style-primary\"><a class=\"wp-block-button__link has-text-align-center wp-element-button\">Datasheet<\/a><\/div>\n<\/div>\n\n\n\n<div style=\"height:10px\" aria-hidden=\"true\" class=\"wp-block-spacer\"><\/div>\n\n\n\n<p>Material: unknown<\/p>\n<\/div>\n<\/div>\n\n\n\n<div style=\"height:25px\" aria-hidden=\"true\" class=\"wp-block-spacer\"><\/div>\n\n\n\n<p><\/p>","protected":false},"excerpt":{"rendered":"<p>H\u00fclsen H\u00fclse Material: unbekannt H\u00fclse Material: unbekannt H\u00fclse Material: unbekannt<\/p>","protected":false},"author":1,"featured_media":0,"parent":0,"menu_order":0,"comment_status":"closed","ping_status":"closed","template":"","meta":{"neve_meta_sidebar":"","neve_meta_container":"","neve_meta_enable_content_width":"","neve_meta_content_width":0,"neve_meta_title_alignment":"","neve_meta_author_avatar":"","neve_post_elements_order":"","neve_meta_disable_header":"","neve_meta_disable_footer":"","neve_meta_disable_title":"","neve_meta_reading_time":"","_themeisle_gutenberg_block_has_review":false,"footnotes":""},"class_list":["post-835","page","type-page","status-publish","hentry"],"_links":{"self":[{"href":"https:\/\/helgerit.de\/en\/wp-json\/wp\/v2\/pages\/835","targetHints":{"allow":["GET"]}}],"collection":[{"href":"https:\/\/helgerit.de\/en\/wp-json\/wp\/v2\/pages"}],"about":[{"href":"https:\/\/helgerit.de\/en\/wp-json\/wp\/v2\/types\/page"}],"author":[{"embeddable":true,"href":"https:\/\/helgerit.de\/en\/wp-json\/wp\/v2\/users\/1"}],"replies":[{"embeddable":true,"href":"https:\/\/helgerit.de\/en\/wp-json\/wp\/v2\/comments?post=835"}],"version-history":[{"count":2,"href":"https:\/\/helgerit.de\/en\/wp-json\/wp\/v2\/pages\/835\/revisions"}],"predecessor-version":[{"id":838,"href":"https:\/\/helgerit.de\/en\/wp-json\/wp\/v2\/pages\/835\/revisions\/838"}],"wp:attachment":[{"href":"https:\/\/helgerit.de\/en\/wp-json\/wp\/v2\/media?parent=835"}],"curies":[{"name":"wp","href":"https:\/\/api.w.org\/{rel}","templated":true}]}}